{"id":75,"date":"2020-01-27T08:29:32","date_gmt":"2020-01-27T08:29:32","guid":{"rendered":"https:\/\/demosites.io\/web-agency-gb\/?page_id=75"},"modified":"2024-05-14T15:28:17","modified_gmt":"2024-05-14T15:28:17","slug":"contact","status":"publish","type":"page","link":"https:\/\/linguistiquemm.com\/en\/contact\/","title":{"rendered":"Contact"},"content":{"rendered":"<div style=\"height:24px\" aria-hidden=\"true\" class=\"wp-block-spacer\"><\/div>\n\n\n\n<h1 class=\"wp-block-heading has-text-align-center\">Contact Us<\/h1>\n\n\n\n<div style=\"height:24px\" aria-hidden=\"true\" class=\"wp-block-spacer\"><\/div>\n\n\n\n<div class=\"wp-block-columns is-layout-flex wp-container-core-columns-is-layout-9d6595d7 wp-block-columns-is-layout-flex\">\n<div class=\"wp-block-column is-vertically-aligned-center is-layout-flow wp-block-column-is-layout-flow\" style=\"flex-basis:100%\">\n<p class=\"\"><\/p>\n\n\n\n<div class=\"wp-block-group\"><div class=\"wp-block-group__inner-container is-layout-flow wp-block-group-is-layout-flow\">\n<p class=\"\">At Linguistique MM, we are always pleased to start the conversation and discuss your projects. <\/p>\n\n\n\n<p class=\"\">It will be our pleasure to send you a quote free of charge and without commitment, specifically adapted to your documents and your needs. <\/p>\n<\/div><\/div>\n<\/div>\n<\/div>\n\n\n\n<div style=\"height:24px\" aria-hidden=\"true\" class=\"wp-block-spacer\"><\/div>\n\n\n\n<div class=\"wp-block-cover alignfull\" style=\"min-height:420px;aspect-ratio:unset;\"><span aria-hidden=\"true\" class=\"wp-block-cover__background has-nv-light-bg-background-color has-background-dim-100 has-background-dim\"><\/span><div class=\"wp-block-cover__inner-container is-layout-flow wp-block-cover-is-layout-flow\">\n<div style=\"height:95px\" aria-hidden=\"true\" class=\"wp-block-spacer\"><\/div>\n\n\n\n<p class=\"has-text-align-center\"><mark style=\"background-color:rgba(0, 0, 0, 0)\" class=\"has-inline-color has-nv-dark-bg-color\"><strong>We will be happy to answer your questions and plan projects with you!<\/strong><\/mark><\/p>\n\n\n\n<div style=\"height:30px\" aria-hidden=\"true\" class=\"wp-block-spacer\"><\/div>\n\n\n\n<div class=\"wp-block-columns is-layout-flex wp-container-core-columns-is-layout-9d6595d7 wp-block-columns-is-layout-flex\">\n<div class=\"ticss-4ce656f1 wp-block-column is-layout-flow wp-block-column-is-layout-flow\">\n<div style=\"height:24px\" aria-hidden=\"true\" class=\"wp-block-spacer\"><\/div>\n\n\n<div class=\"wp-block-image icon-style is-style-rounded\">\n<figure class=\"aligncenter size-full\"><img data-recalc-dims=\"1\" loading=\"lazy\" decoding=\"async\" width=\"137\" height=\"131\" data-attachment-id=\"1445\" data-permalink=\"https:\/\/linguistiquemm.com\/en\/contact\/icon_4\/\" data-orig-file=\"https:\/\/i0.wp.com\/linguistiquemm.com\/wp-content\/uploads\/2023\/03\/icon_4.png?fit=137%2C131&amp;ssl=1\" data-orig-size=\"137,131\" data-comments-opened=\"1\" data-image-meta=\"{&quot;aperture&quot;:&quot;0&quot;,&quot;credit&quot;:&quot;&quot;,&quot;camera&quot;:&quot;&quot;,&quot;caption&quot;:&quot;&quot;,&quot;created_timestamp&quot;:&quot;0&quot;,&quot;copyright&quot;:&quot;&quot;,&quot;focal_length&quot;:&quot;0&quot;,&quot;iso&quot;:&quot;0&quot;,&quot;shutter_speed&quot;:&quot;0&quot;,&quot;title&quot;:&quot;&quot;,&quot;orientation&quot;:&quot;0&quot;}\" data-image-title=\"icon_4\" data-image-description=\"\" data-image-caption=\"\" data-large-file=\"https:\/\/i0.wp.com\/linguistiquemm.com\/wp-content\/uploads\/2023\/03\/icon_4.png?fit=137%2C131&amp;ssl=1\" src=\"https:\/\/i0.wp.com\/linguistiquemm.com\/wp-content\/uploads\/2023\/03\/icon_4.png?resize=137%2C131&#038;ssl=1\" alt=\"\" class=\"wp-image-1445\" srcset=\"https:\/\/i0.wp.com\/linguistiquemm.com\/wp-content\/uploads\/2023\/03\/icon_4.png?w=137&amp;ssl=1 137w, https:\/\/i0.wp.com\/linguistiquemm.com\/wp-content\/uploads\/2023\/03\/icon_4.png?resize=13%2C12&amp;ssl=1 13w\" sizes=\"auto, (max-width: 137px) 100vw, 137px\" \/><\/figure>\n<\/div>\n\n\n<div style=\"height:15px\" aria-hidden=\"true\" class=\"wp-block-spacer\"><\/div>\n\n\n\n<h3 class=\"has-text-align-center wp-block-heading has-neve-text-color-color has-text-color\">By phone<\/h3>\n\n\n\n<h5 class=\"has-text-align-center wp-block-heading has-neve-text-color-color has-text-color\">438 349-7191<\/h5>\n\n\n\n<div style=\"height:24px\" aria-hidden=\"true\" class=\"wp-block-spacer\"><\/div>\n<\/div>\n\n\n\n<div class=\"ticss-f6fc7494 wp-block-column is-layout-flow wp-block-column-is-layout-flow\">\n<div style=\"height:24px\" aria-hidden=\"true\" class=\"wp-block-spacer\"><\/div>\n\n\n<div class=\"wp-block-image icon-style is-style-rounded\">\n<figure class=\"aligncenter size-full\"><img data-recalc-dims=\"1\" loading=\"lazy\" decoding=\"async\" width=\"137\" height=\"131\" data-attachment-id=\"1446\" data-permalink=\"https:\/\/linguistiquemm.com\/en\/contact\/icon_5\/\" data-orig-file=\"https:\/\/i0.wp.com\/linguistiquemm.com\/wp-content\/uploads\/2023\/03\/icon_5.png?fit=137%2C131&amp;ssl=1\" data-orig-size=\"137,131\" data-comments-opened=\"1\" data-image-meta=\"{&quot;aperture&quot;:&quot;0&quot;,&quot;credit&quot;:&quot;&quot;,&quot;camera&quot;:&quot;&quot;,&quot;caption&quot;:&quot;&quot;,&quot;created_timestamp&quot;:&quot;0&quot;,&quot;copyright&quot;:&quot;&quot;,&quot;focal_length&quot;:&quot;0&quot;,&quot;iso&quot;:&quot;0&quot;,&quot;shutter_speed&quot;:&quot;0&quot;,&quot;title&quot;:&quot;&quot;,&quot;orientation&quot;:&quot;0&quot;}\" data-image-title=\"icon_5\" data-image-description=\"\" data-image-caption=\"\" data-large-file=\"https:\/\/i0.wp.com\/linguistiquemm.com\/wp-content\/uploads\/2023\/03\/icon_5.png?fit=137%2C131&amp;ssl=1\" src=\"https:\/\/i0.wp.com\/linguistiquemm.com\/wp-content\/uploads\/2023\/03\/icon_5.png?resize=137%2C131&#038;ssl=1\" alt=\"\" class=\"wp-image-1446\" srcset=\"https:\/\/i0.wp.com\/linguistiquemm.com\/wp-content\/uploads\/2023\/03\/icon_5.png?w=137&amp;ssl=1 137w, https:\/\/i0.wp.com\/linguistiquemm.com\/wp-content\/uploads\/2023\/03\/icon_5.png?resize=13%2C12&amp;ssl=1 13w\" sizes=\"auto, (max-width: 137px) 100vw, 137px\" \/><\/figure>\n<\/div>\n\n\n<div style=\"height:15px\" aria-hidden=\"true\" class=\"wp-block-spacer\"><\/div>\n\n\n\n<h3 class=\"has-text-align-center wp-block-heading has-neve-text-color-color has-text-color\">By email<\/h3>\n\n\n\n<h5 class=\"has-text-align-center wp-block-heading has-neve-text-color-color has-text-color\">contact@linguistiquemm.com<\/h5>\n\n\n\n<div style=\"height:24px\" aria-hidden=\"true\" class=\"wp-block-spacer\"><\/div>\n<\/div>\n\n\n\n<div class=\"ticss-a5b4df29 wp-block-column is-layout-flow wp-block-column-is-layout-flow\">\n<div style=\"height:24px\" aria-hidden=\"true\" class=\"wp-block-spacer\"><\/div>\n\n\n<div class=\"wp-block-image icon-style is-style-rounded\">\n<figure class=\"aligncenter size-full\"><img data-recalc-dims=\"1\" loading=\"lazy\" decoding=\"async\" width=\"137\" height=\"131\" data-attachment-id=\"1447\" data-permalink=\"https:\/\/linguistiquemm.com\/en\/contact\/icon_6\/\" data-orig-file=\"https:\/\/i0.wp.com\/linguistiquemm.com\/wp-content\/uploads\/2023\/03\/icon_6.png?fit=137%2C131&amp;ssl=1\" data-orig-size=\"137,131\" data-comments-opened=\"1\" data-image-meta=\"{&quot;aperture&quot;:&quot;0&quot;,&quot;credit&quot;:&quot;&quot;,&quot;camera&quot;:&quot;&quot;,&quot;caption&quot;:&quot;&quot;,&quot;created_timestamp&quot;:&quot;0&quot;,&quot;copyright&quot;:&quot;&quot;,&quot;focal_length&quot;:&quot;0&quot;,&quot;iso&quot;:&quot;0&quot;,&quot;shutter_speed&quot;:&quot;0&quot;,&quot;title&quot;:&quot;&quot;,&quot;orientation&quot;:&quot;0&quot;}\" data-image-title=\"icon_6\" data-image-description=\"\" data-image-caption=\"\" data-large-file=\"https:\/\/i0.wp.com\/linguistiquemm.com\/wp-content\/uploads\/2023\/03\/icon_6.png?fit=137%2C131&amp;ssl=1\" src=\"https:\/\/i0.wp.com\/linguistiquemm.com\/wp-content\/uploads\/2023\/03\/icon_6.png?resize=137%2C131&#038;ssl=1\" alt=\"\" class=\"wp-image-1447\" srcset=\"https:\/\/i0.wp.com\/linguistiquemm.com\/wp-content\/uploads\/2023\/03\/icon_6.png?w=137&amp;ssl=1 137w, https:\/\/i0.wp.com\/linguistiquemm.com\/wp-content\/uploads\/2023\/03\/icon_6.png?resize=13%2C12&amp;ssl=1 13w\" sizes=\"auto, (max-width: 137px) 100vw, 137px\" \/><\/figure>\n<\/div>\n\n\n<div style=\"height:15px\" aria-hidden=\"true\" class=\"wp-block-spacer\"><\/div>\n\n\n\n<h3 class=\"has-text-align-center wp-block-heading has-neve-text-color-color has-text-color\">Our office<\/h3>\n\n\n\n<h5 class=\"has-text-align-center wp-block-heading has-neve-text-color-color has-text-color\">Montreal, Quebec<\/h5>\n\n\n\n<div style=\"height:24px\" aria-hidden=\"true\" class=\"wp-block-spacer\"><\/div>\n<\/div>\n<\/div>\n\n\n\n<div style=\"height:40px\" aria-hidden=\"true\" class=\"wp-block-spacer\"><\/div>\n<\/div><\/div>\n\n\n\n<div class=\"wp-block-cover alignfull\" style=\"min-height:600px;aspect-ratio:unset;\"><span aria-hidden=\"true\" class=\"wp-block-cover__background has-nv-site-bg-background-color has-background-dim-100 has-background-dim\"><\/span><div class=\"wp-block-cover__inner-container is-layout-flow wp-block-cover-is-layout-flow\">\n<div class=\"wp-block-group\"><div class=\"wp-block-group__inner-container is-layout-flow wp-block-group-is-layout-flow\">\n<div style=\"height:35px\" aria-hidden=\"true\" class=\"wp-block-spacer\"><\/div>\n\n\n\n<div class=\"wp-block-columns is-layout-flex wp-container-core-columns-is-layout-9d6595d7 wp-block-columns-is-layout-flex\">\n<div class=\"wp-block-column is-layout-flow wp-block-column-is-layout-flow\" style=\"flex-basis:50%\">\n<h2 class=\"wp-block-heading has-neve-link-color-color has-text-color\">Contact us for more details.<\/h2>\n<\/div>\n\n\n\n<div class=\"wp-block-column is-vertically-aligned-center is-layout-flow wp-block-column-is-layout-flow\" style=\"flex-basis:50%\">\n<p class=\"has-neve-link-color-color has-nv-site-bg-background-color has-text-color has-background\">Each linguistic project is unique. We are here to offer you personalized services that meet your expectations.<\/p>\n<\/div>\n<\/div>\n\n\n\n<div style=\"height:35px\" aria-hidden=\"true\" class=\"wp-block-spacer\"><\/div>\n<\/div><\/div>\n<\/div><\/div>\n\n\n\n<div class=\"wp-block-cover alignfull\" style=\"min-height:50px;aspect-ratio:unset;\"><span aria-hidden=\"true\" class=\"wp-block-cover__background has-nv-dark-bg-background-color has-background-dim-100 has-background-dim\"><\/span><div class=\"wp-block-cover__inner-container is-layout-flow wp-block-cover-is-layout-flow\">\n<div class=\"wp-block-columns is-layout-flex wp-container-core-columns-is-layout-9d6595d7 wp-block-columns-is-layout-flex\">\n<div class=\"wp-block-column is-layout-flow wp-block-column-is-layout-flow\" style=\"flex-basis:100%\">\n<div style=\"height:95px\" aria-hidden=\"true\" class=\"wp-block-spacer\"><\/div>\n\n\n\n<div class=\"wp-block-columns is-layout-flex wp-container-core-columns-is-layout-9d6595d7 wp-block-columns-is-layout-flex\">\n<div class=\"wp-block-column is-layout-flow wp-block-column-is-layout-flow\" style=\"flex-basis:100%\">\n<div class=\"wp-block-columns is-layout-flex wp-container-core-columns-is-layout-9d6595d7 wp-block-columns-is-layout-flex\">\n<div class=\"wp-block-column is-layout-flow wp-block-column-is-layout-flow\" style=\"flex-basis:40%\">\n<h4 class=\"wp-block-heading has-nv-site-bg-color has-text-color\">About<\/h4>\n\n\n\n<p class=\"has-nv-site-bg-color has-text-color\">Linguistique MM is a dedicated team offering revision, translation and writing services in French and English.<\/p>\n<\/div>\n\n\n\n<div class=\"wp-block-column is-layout-flow wp-block-column-is-layout-flow\" style=\"flex-basis:20%\">\n<h4 class=\"wp-block-heading has-nv-site-bg-color has-text-color\"><\/h4>\n<\/div>\n\n\n\n<div class=\"wp-block-column is-layout-flow wp-block-column-is-layout-flow\" style=\"flex-basis:40%\">\n<h4 class=\"wp-block-heading has-nv-site-bg-color has-text-color\">Contact Us<\/h4>\n\n\n\n<p class=\"has-nv-site-bg-color has-text-color\">T&nbsp;:&nbsp;438&nbsp;349-7191<br>C&nbsp;:&nbsp;contact@linguistiquemm.com<\/p>\n\n\n\n<figure class=\"wp-block-image size-full is-resized\"><a href=\"https:\/\/www.linkedin.com\/in\/linguistique-mm-545889213\/\"><img data-recalc-dims=\"1\" loading=\"lazy\" decoding=\"async\" width=\"483\" height=\"498\" data-attachment-id=\"1289\" data-permalink=\"https:\/\/linguistiquemm.com\/en\/15c42-web-agency-gb-home\/linkedin-logo\/\" data-orig-file=\"https:\/\/i0.wp.com\/linguistiquemm.com\/wp-content\/uploads\/2022\/11\/linkedin-logo.png?fit=483%2C498&amp;ssl=1\" data-orig-size=\"483,498\" data-comments-opened=\"1\" data-image-meta=\"{&quot;aperture&quot;:&quot;0&quot;,&quot;credit&quot;:&quot;&quot;,&quot;camera&quot;:&quot;&quot;,&quot;caption&quot;:&quot;&quot;,&quot;created_timestamp&quot;:&quot;0&quot;,&quot;copyright&quot;:&quot;&quot;,&quot;focal_length&quot;:&quot;0&quot;,&quot;iso&quot;:&quot;0&quot;,&quot;shutter_speed&quot;:&quot;0&quot;,&quot;title&quot;:&quot;&quot;,&quot;orientation&quot;:&quot;0&quot;}\" data-image-title=\"linkedin-logo\" data-image-description=\"\" data-image-caption=\"\" data-large-file=\"https:\/\/i0.wp.com\/linguistiquemm.com\/wp-content\/uploads\/2022\/11\/linkedin-logo.png?fit=483%2C498&amp;ssl=1\" src=\"https:\/\/i0.wp.com\/linguistiquemm.com\/wp-content\/uploads\/2022\/11\/linkedin-logo.png?resize=483%2C498&#038;ssl=1\" alt=\"\" class=\"wp-image-1289\" style=\"width:26px;height:27px\" srcset=\"https:\/\/i0.wp.com\/linguistiquemm.com\/wp-content\/uploads\/2022\/11\/linkedin-logo.png?w=483&amp;ssl=1 483w, https:\/\/i0.wp.com\/linguistiquemm.com\/wp-content\/uploads\/2022\/11\/linkedin-logo.png?resize=291%2C300&amp;ssl=1 291w, https:\/\/i0.wp.com\/linguistiquemm.com\/wp-content\/uploads\/2022\/11\/linkedin-logo.png?resize=12%2C12&amp;ssl=1 12w\" sizes=\"auto, (max-width: 483px) 100vw, 483px\" \/><\/a><\/figure>\n\n\n\n<p class=\"\"><\/p>\n\n\n\n<p class=\"\"><\/p>\n<\/div>\n<\/div>\n<\/div>\n<\/div>\n<\/div>\n<\/div>\n\n\n\n<h6 class=\"wp-block-heading has-text-align-center has-nv-text-dark-bg-color has-text-color\"><strong>\u00a9 Linguistique MM 202<\/strong>4<\/h6>\n\n\n\n<div class=\"wp-block-buttons alignwide is-horizontal is-content-justification-center is-layout-flex wp-container-core-buttons-is-layout-499968f5 wp-block-buttons-is-layout-flex\"><\/div>\n\n\n\n<p class=\"\"><\/p>\n<\/div><\/div>","protected":false},"excerpt":{"rendered":"<p>Contactez-nous Chez Linguistique MM, nous sommes toujours ravis d&#8217;engager la conversation et de discuter de vos projets. Il nous fera plaisir de vous envoyer un devis sans frais et sans engagement, qui sera ajust\u00e9 selon vos documents et vos besoins sp\u00e9cifiques.<\/p>","protected":false},"author":1,"featured_media":0,"parent":0,"menu_order":0,"comment_status":"closed","ping_status":"closed","template":"","meta":{"nf_dc_page":"","om_disable_all_campaigns":false,"_monsterinsights_skip_tracking":false,"_monsterinsights_sitenote_active":false,"_monsterinsights_sitenote_note":"","_monsterinsights_sitenote_category":0,"neve_meta_sidebar":"default","neve_meta_container":"default","neve_meta_enable_content_width":"on","neve_meta_content_width":80,"neve_meta_title_alignment":"left","neve_meta_author_avatar":"","neve_post_elements_order":"","neve_meta_disable_header":"off","neve_meta_disable_footer":"","neve_meta_disable_title":"on","footnotes":""},"class_list":["post-75","page","type-page","status-publish","hentry"],"yoast_head":"<!-- This site is optimized with the Yoast SEO plugin v27.4 - https:\/\/yoast.com\/product\/yoast-seo-wordpress\/ -->\n<title>Contact - Linguistique MM<\/title>\n<meta name=\"description\" content=\"Linguistique MM \u2013 Services de traduction, de r\u00e9vision et de r\u00e9daction en fran\u00e7ais et en anglais \/ Translation, revision and writing services in French and English\" \/>\n<meta name=\"robots\" content=\"index, follow, max-snippet:-1, max-image-preview:large, max-video-preview:-1\" \/>\n<link rel=\"canonical\" href=\"https:\/\/linguistiquemm.com\/en\/contact\/\" \/>\n<meta property=\"og:locale\" content=\"en_US\" \/>\n<meta property=\"og:type\" content=\"article\" \/>\n<meta property=\"og:title\" content=\"Contact - Linguistique MM\" \/>\n<meta property=\"og:description\" content=\"Linguistique MM \u2013 Services de traduction, de r\u00e9vision et de r\u00e9daction en fran\u00e7ais et en anglais \/ Translation, revision and writing services in French and English\" \/>\n<meta property=\"og:url\" content=\"https:\/\/linguistiquemm.com\/en\/contact\/\" \/>\n<meta property=\"og:site_name\" content=\"Linguistique MM\" \/>\n<meta property=\"article:modified_time\" content=\"2024-05-14T15:28:17+00:00\" \/>\n<meta property=\"og:image\" content=\"https:\/\/linguistiquemm.com\/wp-content\/uploads\/2023\/03\/icon_4.png\" \/>\n<meta name=\"twitter:card\" content=\"summary_large_image\" \/>\n<meta name=\"twitter:label1\" content=\"Est. reading time\" \/>\n\t<meta name=\"twitter:data1\" content=\"2 minutes\" \/>\n<script type=\"application\/ld+json\" class=\"yoast-schema-graph\">{\"@context\":\"https:\\\/\\\/schema.org\",\"@graph\":[{\"@type\":\"WebPage\",\"@id\":\"https:\\\/\\\/linguistiquemm.com\\\/contact\\\/\",\"url\":\"https:\\\/\\\/linguistiquemm.com\\\/contact\\\/\",\"name\":\"Contact - Linguistique MM\",\"isPartOf\":{\"@id\":\"https:\\\/\\\/linguistiquemm.com\\\/#website\"},\"primaryImageOfPage\":{\"@id\":\"https:\\\/\\\/linguistiquemm.com\\\/contact\\\/#primaryimage\"},\"image\":{\"@id\":\"https:\\\/\\\/linguistiquemm.com\\\/contact\\\/#primaryimage\"},\"thumbnailUrl\":\"https:\\\/\\\/linguistiquemm.com\\\/wp-content\\\/uploads\\\/2023\\\/03\\\/icon_4.png\",\"datePublished\":\"2020-01-27T08:29:32+00:00\",\"dateModified\":\"2024-05-14T15:28:17+00:00\",\"description\":\"Linguistique MM \u2013 Services de traduction, de r\u00e9vision et de r\u00e9daction en fran\u00e7ais et en anglais \\\/ Translation, revision and writing services in French and English\",\"breadcrumb\":{\"@id\":\"https:\\\/\\\/linguistiquemm.com\\\/contact\\\/#breadcrumb\"},\"inLanguage\":\"en-CA\",\"potentialAction\":[{\"@type\":\"ReadAction\",\"target\":[\"https:\\\/\\\/linguistiquemm.com\\\/contact\\\/\"]}]},{\"@type\":\"ImageObject\",\"inLanguage\":\"en-CA\",\"@id\":\"https:\\\/\\\/linguistiquemm.com\\\/contact\\\/#primaryimage\",\"url\":\"https:\\\/\\\/linguistiquemm.com\\\/wp-content\\\/uploads\\\/2023\\\/03\\\/icon_4.png\",\"contentUrl\":\"https:\\\/\\\/linguistiquemm.com\\\/wp-content\\\/uploads\\\/2023\\\/03\\\/icon_4.png\"},{\"@type\":\"BreadcrumbList\",\"@id\":\"https:\\\/\\\/linguistiquemm.com\\\/contact\\\/#breadcrumb\",\"itemListElement\":[{\"@type\":\"ListItem\",\"position\":1,\"name\":\"Linguistique MM\",\"item\":\"https:\\\/\\\/linguistiquemm.com\\\/\"},{\"@type\":\"ListItem\",\"position\":2,\"name\":\"Contact\"}]},{\"@type\":\"WebSite\",\"@id\":\"https:\\\/\\\/linguistiquemm.com\\\/#website\",\"url\":\"https:\\\/\\\/linguistiquemm.com\\\/\",\"name\":\"Linguistique MM\",\"description\":\"Services de traduction, de r\u00e9vision et de r\u00e9daction en fran\u00e7ais et en anglais \\\/ Translation, revision and writing services in French and English\",\"publisher\":{\"@id\":\"https:\\\/\\\/linguistiquemm.com\\\/#organization\"},\"potentialAction\":[{\"@type\":\"SearchAction\",\"target\":{\"@type\":\"EntryPoint\",\"urlTemplate\":\"https:\\\/\\\/linguistiquemm.com\\\/?s={search_term_string}\"},\"query-input\":{\"@type\":\"PropertyValueSpecification\",\"valueRequired\":true,\"valueName\":\"search_term_string\"}}],\"inLanguage\":\"en-CA\"},{\"@type\":\"Organization\",\"@id\":\"https:\\\/\\\/linguistiquemm.com\\\/#organization\",\"name\":\"Linguistique MM\",\"url\":\"https:\\\/\\\/linguistiquemm.com\\\/\",\"logo\":{\"@type\":\"ImageObject\",\"inLanguage\":\"en-CA\",\"@id\":\"https:\\\/\\\/linguistiquemm.com\\\/#\\\/schema\\\/logo\\\/image\\\/\",\"url\":\"https:\\\/\\\/i2.wp.com\\\/linguistiquemm.com\\\/wp-content\\\/uploads\\\/2021\\\/03\\\/3-e1618786228372.png?fit=160%2C158&ssl=1\",\"contentUrl\":\"https:\\\/\\\/i2.wp.com\\\/linguistiquemm.com\\\/wp-content\\\/uploads\\\/2021\\\/03\\\/3-e1618786228372.png?fit=160%2C158&ssl=1\",\"width\":160,\"height\":158,\"caption\":\"Linguistique MM\"},\"image\":{\"@id\":\"https:\\\/\\\/linguistiquemm.com\\\/#\\\/schema\\\/logo\\\/image\\\/\"}}]}<\/script>\n<!-- \/ Yoast SEO plugin. -->","yoast_head_json":{"title":"Contact - Linguistique MM","description":"Linguistique MM \u2013 Services de traduction, de r\u00e9vision et de r\u00e9daction en fran\u00e7ais et en anglais \/ Translation, revision and writing services in French and English","robots":{"index":"index","follow":"follow","max-snippet":"max-snippet:-1","max-image-preview":"max-image-preview:large","max-video-preview":"max-video-preview:-1"},"canonical":"https:\/\/linguistiquemm.com\/en\/contact\/","og_locale":"en_US","og_type":"article","og_title":"Contact - Linguistique MM","og_description":"Linguistique MM \u2013 Services de traduction, de r\u00e9vision et de r\u00e9daction en fran\u00e7ais et en anglais \/ Translation, revision and writing services in French and English","og_url":"https:\/\/linguistiquemm.com\/en\/contact\/","og_site_name":"Linguistique MM","article_modified_time":"2024-05-14T15:28:17+00:00","og_image":[{"url":"https:\/\/linguistiquemm.com\/wp-content\/uploads\/2023\/03\/icon_4.png","type":"","width":"","height":""}],"twitter_card":"summary_large_image","twitter_misc":{"Est. reading time":"2 minutes"},"schema":{"@context":"https:\/\/schema.org","@graph":[{"@type":"WebPage","@id":"https:\/\/linguistiquemm.com\/contact\/","url":"https:\/\/linguistiquemm.com\/contact\/","name":"Contact - Linguistique MM","isPartOf":{"@id":"https:\/\/linguistiquemm.com\/#website"},"primaryImageOfPage":{"@id":"https:\/\/linguistiquemm.com\/contact\/#primaryimage"},"image":{"@id":"https:\/\/linguistiquemm.com\/contact\/#primaryimage"},"thumbnailUrl":"https:\/\/linguistiquemm.com\/wp-content\/uploads\/2023\/03\/icon_4.png","datePublished":"2020-01-27T08:29:32+00:00","dateModified":"2024-05-14T15:28:17+00:00","description":"Linguistique MM \u2013 Services de traduction, de r\u00e9vision et de r\u00e9daction en fran\u00e7ais et en anglais \/ Translation, revision and writing services in French and English","breadcrumb":{"@id":"https:\/\/linguistiquemm.com\/contact\/#breadcrumb"},"inLanguage":"en-CA","potentialAction":[{"@type":"ReadAction","target":["https:\/\/linguistiquemm.com\/contact\/"]}]},{"@type":"ImageObject","inLanguage":"en-CA","@id":"https:\/\/linguistiquemm.com\/contact\/#primaryimage","url":"https:\/\/linguistiquemm.com\/wp-content\/uploads\/2023\/03\/icon_4.png","contentUrl":"https:\/\/linguistiquemm.com\/wp-content\/uploads\/2023\/03\/icon_4.png"},{"@type":"BreadcrumbList","@id":"https:\/\/linguistiquemm.com\/contact\/#breadcrumb","itemListElement":[{"@type":"ListItem","position":1,"name":"Linguistique MM","item":"https:\/\/linguistiquemm.com\/"},{"@type":"ListItem","position":2,"name":"Contact"}]},{"@type":"WebSite","@id":"https:\/\/linguistiquemm.com\/#website","url":"https:\/\/linguistiquemm.com\/","name":"Linguistique MM","description":"Services de traduction, de r\u00e9vision et de r\u00e9daction en fran\u00e7ais et en anglais \/ Translation, revision and writing services in French and English","publisher":{"@id":"https:\/\/linguistiquemm.com\/#organization"},"potentialAction":[{"@type":"SearchAction","target":{"@type":"EntryPoint","urlTemplate":"https:\/\/linguistiquemm.com\/?s={search_term_string}"},"query-input":{"@type":"PropertyValueSpecification","valueRequired":true,"valueName":"search_term_string"}}],"inLanguage":"en-CA"},{"@type":"Organization","@id":"https:\/\/linguistiquemm.com\/#organization","name":"Linguistique MM","url":"https:\/\/linguistiquemm.com\/","logo":{"@type":"ImageObject","inLanguage":"en-CA","@id":"https:\/\/linguistiquemm.com\/#\/schema\/logo\/image\/","url":"https:\/\/i2.wp.com\/linguistiquemm.com\/wp-content\/uploads\/2021\/03\/3-e1618786228372.png?fit=160%2C158&ssl=1","contentUrl":"https:\/\/i2.wp.com\/linguistiquemm.com\/wp-content\/uploads\/2021\/03\/3-e1618786228372.png?fit=160%2C158&ssl=1","width":160,"height":158,"caption":"Linguistique MM"},"image":{"@id":"https:\/\/linguistiquemm.com\/#\/schema\/logo\/image\/"}}]}},"jetpack_sharing_enabled":true,"_links":{"self":[{"href":"https:\/\/linguistiquemm.com\/en\/wp-json\/wp\/v2\/pages\/75","targetHints":{"allow":["GET"]}}],"collection":[{"href":"https:\/\/linguistiquemm.com\/en\/wp-json\/wp\/v2\/pages"}],"about":[{"href":"https:\/\/linguistiquemm.com\/en\/wp-json\/wp\/v2\/types\/page"}],"author":[{"embeddable":true,"href":"https:\/\/linguistiquemm.com\/en\/wp-json\/wp\/v2\/users\/1"}],"replies":[{"embeddable":true,"href":"https:\/\/linguistiquemm.com\/en\/wp-json\/wp\/v2\/comments?post=75"}],"version-history":[{"count":6,"href":"https:\/\/linguistiquemm.com\/en\/wp-json\/wp\/v2\/pages\/75\/revisions"}],"predecessor-version":[{"id":2059,"href":"https:\/\/linguistiquemm.com\/en\/wp-json\/wp\/v2\/pages\/75\/revisions\/2059"}],"wp:attachment":[{"href":"https:\/\/linguistiquemm.com\/en\/wp-json\/wp\/v2\/media?parent=75"}],"curies":[{"name":"wp","href":"https:\/\/api.w.org\/{rel}","templated":true}]}}